{"id":3069,"date":"2025-09-15T17:46:18","date_gmt":"2025-09-15T15:46:18","guid":{"rendered":"https:\/\/financiere-eos.com\/?page_id=3069"},"modified":"2025-12-11T10:55:02","modified_gmt":"2025-12-11T09:55:02","slug":"mentions-legales","status":"publish","type":"page","link":"https:\/\/financiere-eos.com\/index.php\/mentions-legales\/","title":{"rendered":"Mentions l\u00e9gales"},"content":{"rendered":"<h2 data-start=\"336\" data-end=\"361\"><strong data-start=\"339\" data-end=\"361\">\u00c9diteur du site<\/strong><\/h2>\n<p data-start=\"363\" data-end=\"665\"><strong data-start=\"363\" data-end=\"381\">FINANCI\u00c8RE EOS<\/strong><br data-start=\"381\" data-end=\"384\" \/>SA \u00e0 conseil d\u2019administration (s.a.i.)<br data-start=\"422\" data-end=\"425\" \/>Si\u00e8ge social : 63 boulevard Malesherbes, 75008 Paris, France<br data-start=\"485\" data-end=\"488\" \/>SIREN : 340 022 557 \u2014 SIRET : 340 022 557 00078<br data-start=\"535\" data-end=\"538\" \/>RCS Paris \u2014 Code APE : 70.22Z<br data-start=\"567\" data-end=\"570\" \/>Capital social : 125 000 \u20ac<br data-start=\"596\" data-end=\"599\" \/>T\u00e9l\u00e9phone : 01 75 00 01 02<br data-start=\"625\" data-end=\"628\" \/>Courriel : <a class=\"decorated-link cursor-pointer\" rel=\"noopener\" data-start=\"639\" data-end=\"665\">contact@financiere-eos.com<\/a><\/p>\n<p data-start=\"667\" data-end=\"758\"><strong data-start=\"667\" data-end=\"700\">Directeur de la publication :<\/strong><br data-start=\"700\" data-end=\"703\" \/>FINANCI\u00c8RE EOS, repr\u00e9sent\u00e9e par son repr\u00e9sentant l\u00e9gal.<\/p>\n<h2 data-start=\"765\" data-end=\"786\"><\/h2>\n<h2 data-start=\"765\" data-end=\"786\"><strong data-start=\"768\" data-end=\"786\">H\u00e9bergement<\/strong><\/h2>\n<p data-start=\"788\" data-end=\"921\"><strong data-start=\"788\" data-end=\"799\">OVH SAS<\/strong><br data-start=\"799\" data-end=\"802\" \/>Si\u00e8ge social : 2 rue Kellermann, 59100 Roubaix, France<br data-start=\"856\" data-end=\"859\" \/>RCS Lille M\u00e9tropole : 424 761 419<br data-start=\"892\" data-end=\"895\" \/>N\u00b0 TVA : FR 22 424 761 419<\/p>\n<h2 data-start=\"928\" data-end=\"957\"><\/h2>\n<h2 data-start=\"928\" data-end=\"957\"><strong data-start=\"931\" data-end=\"957\">Statuts r\u00e9glement\u00e9s<\/strong><\/h2>\n<p data-start=\"959\" data-end=\"1165\">FINANCI\u00c8RE EOS est immatricul\u00e9e \u00e0 l\u2019ORIAS sous le num\u00e9ro <strong data-start=\"1016\" data-end=\"1028\">13000126<\/strong> (<a class=\"decorated-link\" href=\"http:\/\/www.orias.fr\" target=\"_new\" rel=\"noopener\" data-start=\"1030\" data-end=\"1042\">www.orias.fr<\/a>).<br data-start=\"1044\" data-end=\"1047\" \/>La soci\u00e9t\u00e9 exerce en qualit\u00e9 de <strong data-start=\"1079\" data-end=\"1129\">Conseiller en Investissements Financiers (CIF)<\/strong>, membre de la <strong data-start=\"1144\" data-end=\"1164\">CNCEF Patrimoine<\/strong>.<\/p>\n<h2 data-start=\"1167\" data-end=\"1202\"><\/h2>\n<h2 data-start=\"1167\" data-end=\"1202\"><strong data-start=\"1171\" data-end=\"1202\">Traitement des r\u00e9clamations<\/strong><\/h2>\n<p data-start=\"1203\" data-end=\"1369\">Pour toute r\u00e9clamation, vous pouvez contacter :<br data-start=\"1250\" data-end=\"1253\" \/>FINANCI\u00c8RE EOS \u2014 Service R\u00e9clamations<br data-start=\"1290\" data-end=\"1293\" \/>63 boulevard Malesherbes, 75008 Paris<br data-start=\"1330\" data-end=\"1333\" \/>Email : <a class=\"decorated-link cursor-pointer\" rel=\"noopener\" data-start=\"1341\" data-end=\"1367\">contact@financiere-eos.com<\/a><\/p>\n<p data-start=\"1371\" data-end=\"1502\">Un accus\u00e9 de r\u00e9ception vous sera adress\u00e9 sous 10 jours ouvrables, et une r\u00e9ponse vous sera fournie dans un d\u00e9lai maximum de 2 mois.<\/p>\n<h2 data-start=\"1504\" data-end=\"1521\"><\/h2>\n<h2 data-start=\"1504\" data-end=\"1521\"><strong data-start=\"1508\" data-end=\"1521\">M\u00e9diation<\/strong><\/h2>\n<p data-start=\"1522\" data-end=\"1693\">En cas de litige non r\u00e9solu, vous pouvez saisir gratuitement :<br data-start=\"1584\" data-end=\"1587\" \/><strong data-start=\"1587\" data-end=\"1623\">M\u00e9diateur de la CNCEF Patrimoine<\/strong><br data-start=\"1623\" data-end=\"1626\" \/>12 rue de la Bourse, 75002 Paris<br data-start=\"1658\" data-end=\"1661\" \/>Site : <a class=\"decorated-link cursor-pointer\" target=\"_new\" rel=\"noopener\" data-start=\"1668\" data-end=\"1691\">www.cncef.org\/mediation<\/a><\/p>\n<h2 data-start=\"1700\" data-end=\"1734\"><\/h2>\n<h2 data-start=\"1700\" data-end=\"1734\"><strong data-start=\"1703\" data-end=\"1734\">Propri\u00e9t\u00e9 intellectuelle<\/strong><\/h2>\n<p data-start=\"1736\" data-end=\"2041\">L\u2019ensemble des \u00e9l\u00e9ments pr\u00e9sents sur le site (textes, images, graphismes, logos, vid\u00e9os, ic\u00f4nes, etc.) est prot\u00e9g\u00e9 par le droit de la propri\u00e9t\u00e9 intellectuelle.<br data-start=\"1895\" data-end=\"1898\" \/>Toute reproduction, distribution ou modification, totale ou partielle, est strictement interdite sans autorisation pr\u00e9alable de FINANCI\u00c8RE EOS.<\/p>\n<h2 data-start=\"2048\" data-end=\"2084\"><\/h2>\n<h2 data-start=\"2048\" data-end=\"2084\"><strong data-start=\"2050\" data-end=\"2084\">Donn\u00e9es personnelles (RGPD)<\/strong><\/h2>\n<p data-start=\"2086\" data-end=\"2281\">FINANCI\u00c8RE EOS collecte des donn\u00e9es personnelles via les formulaires du site (identit\u00e9, coordonn\u00e9es, message).<br data-start=\"2196\" data-end=\"2199\" \/>Ces donn\u00e9es sont utilis\u00e9es uniquement pour r\u00e9pondre aux demandes des utilisateurs.<\/p>\n<h2 data-start=\"2283\" data-end=\"2316\"><\/h2>\n<h2 data-start=\"2283\" data-end=\"2316\"><strong data-start=\"2287\" data-end=\"2316\">Responsable du traitement<\/strong><\/h2>\n<p data-start=\"2317\" data-end=\"2360\">FINANCI\u00c8RE EOS<br data-start=\"2331\" data-end=\"2334\" \/><a class=\"decorated-link cursor-pointer\" rel=\"noopener\" data-start=\"2334\" data-end=\"2360\">contact@financiere-eos.com<\/a><\/p>\n<h2 data-start=\"2362\" data-end=\"2398\"><\/h2>\n<h2 data-start=\"2362\" data-end=\"2398\"><strong data-start=\"2366\" data-end=\"2398\">Base juridique du traitement<\/strong><\/h2>\n<p data-start=\"2399\" data-end=\"2604\">Les traitements reposent, selon les cas, sur :<br data-start=\"2445\" data-end=\"2448\" \/>\u2013 l\u2019ex\u00e9cution de mesures pr\u00e9contractuelles ou contractuelles,<br data-start=\"2509\" data-end=\"2512\" \/>\u2013 votre consentement,<br data-start=\"2533\" data-end=\"2536\" \/>\u2013 l\u2019int\u00e9r\u00eat l\u00e9gitime de FINANCI\u00c8RE EOS pour r\u00e9pondre \u00e0 vos demandes.<\/p>\n<h2 data-start=\"2606\" data-end=\"2639\"><\/h2>\n<h2 data-start=\"2606\" data-end=\"2639\"><strong data-start=\"2610\" data-end=\"2639\">Destinata<\/strong><strong data-start=\"2610\" data-end=\"2639\">ires des donn\u00e9es<\/strong><\/h2>\n<p data-start=\"2640\" data-end=\"2766\">Les donn\u00e9es sont destin\u00e9es exclusivement aux services internes de FINANCI\u00c8RE EOS.<br data-start=\"2721\" data-end=\"2724\" \/>Aucun transfert commercial n\u2019est effectu\u00e9.<\/p>\n<h2 data-start=\"2768\" data-end=\"2797\"><\/h2>\n<h2 data-start=\"2768\" data-end=\"2797\"><strong data-start=\"2772\" data-end=\"2797\">Dur\u00e9e de conservation<\/strong><\/h2>\n<p data-start=\"2798\" data-end=\"2894\">Les donn\u00e9es sont conserv\u00e9es pendant 3 ans \u00e0 compter du dernier contact \u00e9manant de l\u2019utilisateur.<\/p>\n<h2 data-start=\"2896\" data-end=\"2936\"><\/h2>\n<h2 data-start=\"2896\" data-end=\"2936\"><strong data-start=\"2900\" data-end=\"2936\">Transferts hors Union Europ\u00e9enne<\/strong><\/h2>\n<p data-start=\"2937\" data-end=\"3005\">FINANCI\u00c8RE EOS ne proc\u00e8de \u00e0 aucun transfert de donn\u00e9es hors de l\u2019UE.<\/p>\n<h2 data-start=\"3007\" data-end=\"3025\"><\/h2>\n<h2 data-start=\"3007\" data-end=\"3025\"><strong data-start=\"3011\" data-end=\"3025\">Vos droits<\/strong><\/h2>\n<p data-start=\"3026\" data-end=\"3261\">Conform\u00e9ment au RGPD, vous disposez des droits suivants :<br data-start=\"3083\" data-end=\"3086\" \/>\u2013 acc\u00e8s, rectification, effacement<br data-start=\"3120\" data-end=\"3123\" \/>\u2013 limitation du traitement<br data-start=\"3149\" data-end=\"3152\" \/>\u2013 opposition<br data-start=\"3164\" data-end=\"3167\" \/>\u2013 portabilit\u00e9<br data-start=\"3180\" data-end=\"3183\" \/>\u2013 retrait du consentement \u00e0 tout moment (si le traitement repose sur celui-ci)<\/p>\n<p data-start=\"3263\" data-end=\"3316\">Pour exercer vos droits : <a class=\"decorated-link cursor-pointer\" rel=\"noopener\" data-start=\"3289\" data-end=\"3315\">contact@financiere-eos.com<\/a>.<\/p>\n<p data-start=\"3318\" data-end=\"3402\">Vous pouvez, en cas de difficult\u00e9, adresser une r\u00e9clamation \u00e0 la CNIL : <a class=\"decorated-link\" href=\"http:\/\/www.cnil.fr\" target=\"_new\" rel=\"noopener\" data-start=\"3390\" data-end=\"3401\">www.cnil.fr<\/a>.<\/p>\n<h2 data-start=\"3409\" data-end=\"3425\"><\/h2>\n<h2 data-start=\"3409\" data-end=\"3425\"><strong data-start=\"3411\" data-end=\"3425\">Cookies<\/strong><\/h2>\n<p data-start=\"3427\" data-end=\"3598\">Le site peut utiliser :<br data-start=\"3450\" data-end=\"3453\" \/>\u2013 des cookies techniques n\u00e9cessaires \u00e0 son fonctionnement,<br data-start=\"3511\" data-end=\"3514\" \/>\u2013 des cookies de mesure d\u2019audience ou de personnalisation (avec votre consentement).<\/p>\n<h2 data-start=\"3600\" data-end=\"3629\"><\/h2>\n<h2 data-start=\"3600\" data-end=\"3629\"><strong data-start=\"3604\" data-end=\"3629\">Finalit\u00e9s des cookies<\/strong><\/h2>\n<p data-start=\"3630\" data-end=\"3729\">\u2013 assurer le fonctionnement du site<br data-start=\"3665\" data-end=\"3668\" \/>\u2013 mesurer l\u2019audience<br data-start=\"3688\" data-end=\"3691\" \/>\u2013 am\u00e9liorer l\u2019exp\u00e9rience utilisateur<\/p>\n<h2 data-start=\"3731\" data-end=\"3751\"><\/h2>\n<h2 data-start=\"3731\" data-end=\"3751\"><strong data-start=\"3735\" data-end=\"3751\">Consentement<\/strong><\/h2>\n<p data-start=\"3752\" data-end=\"3894\">Lors de votre premi\u00e8re visite, un bandeau de consentement vous permet d\u2019accepter, refuser ou personnaliser le d\u00e9p\u00f4t de cookies non essentiels.<\/p>\n<h2 data-start=\"3896\" data-end=\"3927\"><\/h2>\n<h2 data-start=\"3896\" data-end=\"3927\"><strong data-start=\"3900\" data-end=\"3927\">Retrait du consentement<\/strong><\/h2>\n<p data-start=\"3928\" data-end=\"4098\">Vous pouvez modifier vos choix \u00e0 tout moment :<br data-start=\"3974\" data-end=\"3977\" \/>\u2013 via les param\u00e8tres de votre navigateur<br data-start=\"4017\" data-end=\"4020\" \/>\u2013 via le module de gestion du consentement pr\u00e9sent sur le site (si applicable)<\/p>\n<h2 data-start=\"4105\" data-end=\"4142\"><\/h2>\n<h2 data-start=\"4105\" data-end=\"4142\"><strong data-start=\"4107\" data-end=\"4142\">Limitation de responsabilit\u00e9<\/strong><\/h2>\n<p data-start=\"4144\" data-end=\"4425\">FINANCI\u00c8RE EOS s\u2019efforce de fournir des informations exactes et \u00e0 jour. Cependant, des erreurs ou omissions peuvent survenir.<br data-start=\"4269\" data-end=\"4272\" \/>FINANCI\u00c8RE EOS ne saurait \u00eatre tenue responsable d\u2019une indisponibilit\u00e9 temporaire du site ou de l\u2019usage qui pourrait \u00eatre fait des informations fournies.<\/p>\n<h2 data-start=\"4432\" data-end=\"4457\"><\/h2>\n<h2 data-start=\"4432\" data-end=\"4457\"><strong data-start=\"4434\" data-end=\"4457\">Droit applicable<\/strong><\/h2>\n<p data-start=\"4459\" data-end=\"4594\">Les pr\u00e9sentes mentions l\u00e9gales sont soumises au droit fran\u00e7ais.<br data-start=\"4522\" data-end=\"4525\" \/>Tout litige rel\u00e8ve de la comp\u00e9tence exclusive des tribunaux fran\u00e7ais.<\/p>\n","protected":false},"excerpt":{"rendered":"<p>\u00c9diteur du site FINANCI\u00c8RE EOSSA \u00e0 conseil d\u2019administration (s.a.i.)Si\u00e8ge social [&hellip;]<\/p>\n","protected":false},"author":1,"featured_media":0,"parent":0,"menu_order":0,"comment_status":"closed","ping_status":"closed","template":"100-width.php","meta":{"_monsterinsights_skip_tracking":false,"_monsterinsights_sitenote_active":false,"_monsterinsights_sitenote_note":"","_monsterinsights_sitenote_category":0,"footnotes":""},"class_list":["post-3069","page","type-page","status-publish","hentry"],"_links":{"self":[{"href":"https:\/\/financiere-eos.com\/index.php\/wp-json\/wp\/v2\/pages\/3069","targetHints":{"allow":["GET"]}}],"collection":[{"href":"https:\/\/financiere-eos.com\/index.php\/wp-json\/wp\/v2\/pages"}],"about":[{"href":"https:\/\/financiere-eos.com\/index.php\/wp-json\/wp\/v2\/types\/page"}],"author":[{"embeddable":true,"href":"https:\/\/financiere-eos.com\/index.php\/wp-json\/wp\/v2\/users\/1"}],"replies":[{"embeddable":true,"href":"https:\/\/financiere-eos.com\/index.php\/wp-json\/wp\/v2\/comments?post=3069"}],"version-history":[{"count":4,"href":"https:\/\/financiere-eos.com\/index.php\/wp-json\/wp\/v2\/pages\/3069\/revisions"}],"predecessor-version":[{"id":3077,"href":"https:\/\/financiere-eos.com\/index.php\/wp-json\/wp\/v2\/pages\/3069\/revisions\/3077"}],"wp:attachment":[{"href":"https:\/\/financiere-eos.com\/index.php\/wp-json\/wp\/v2\/media?parent=3069"}],"curies":[{"name":"wp","href":"https:\/\/api.w.org\/{rel}","templated":true}]}}