{"id":2469,"date":"2023-06-27T09:58:58","date_gmt":"2023-06-27T07:58:58","guid":{"rendered":"https:\/\/financiere-eos.com\/kg2401-ovh\/?page_id=2469"},"modified":"2024-04-23T17:18:45","modified_gmt":"2024-04-23T15:18:45","slug":"creation-de-projet-hotelier","status":"publish","type":"page","link":"https:\/\/financiere-eos.com\/index.php\/creation-de-projet-hotelier\/","title":{"rendered":"Cr\u00e9ation de projets h\u00f4teliers"},"content":{"rendered":"<div id=\"who\" class=\"fusion-container-anchor\"><div class=\"fusion-fullwidth fullwidth-box fusion-builder-row-1 fusion-flex-container has-pattern-background has-mask-background nonhundred-percent-fullwidth non-hundred-percent-height-scrolling\" style=\"--link_hover_color: var(--awb-color5);--link_color: var(--awb-color5);--awb-background-position:right top;--awb-background-blend-mode:overlay;--awb-border-color:var(--awb-color1);--awb-border-radius-top-left:0px;--awb-border-radius-top-right:0px;--awb-border-radius-bottom-right:0px;--awb-border-radius-bottom-left:0px;--awb-padding-top:120px;--awb-padding-bottom:120px;--awb-padding-top-medium:90px;--awb-padding-bottom-medium:90px;--awb-padding-top-small:80px;--awb-padding-bottom-small:80px;--awb-margin-bottom-medium:0px;--awb-background-color:var(--awb-color1);--awb-flex-wrap:wrap;\" ><div class=\"fusion-builder-row fusion-row fusion-flex-align-items-center fusion-flex-content-wrap\" style=\"max-width:1248px;margin-left: calc(-4% \/ 2 );margin-right: calc(-4% \/ 2 );\"><div class=\"fusion-layout-column fusion_builder_column fusion-builder-column-0 fusion-flex-column\" style=\"--awb-bg-size:cover;--awb-width-large:52%;--awb-margin-top-large:0px;--awb-spacing-right-large:72px;--awb-margin-bottom-large:0px;--awb-spacing-left-large:3.6923076923077%;--awb-width-medium:50%;--awb-order-medium:0;--awb-spacing-right-medium:70px;--awb-spacing-left-medium:3.84%;--awb-width-small:100%;--awb-order-small:0;--awb-spacing-right-small:1.92%;--awb-spacing-left-small:1.92%;\"><div class=\"fusion-column-wrapper fusion-column-has-shadow fusion-flex-justify-content-flex-start fusion-content-layout-column\"><div class=\"fusion-image-carousel fusion-image-carousel-auto fusion-image-carousel-1 fusion-carousel-border\"><div class=\"awb-carousel awb-swiper awb-swiper-carousel\" data-autoplay=\"yes\" data-columns=\"1\" data-itemmargin=\"13\" data-itemwidth=\"180\" data-touchscroll=\"yes\" data-imagesize=\"auto\" style=\"--awb-columns:1;\"><div class=\"swiper-wrapper awb-image-carousel-wrapper fusion-flex-align-items-center\"><div class=\"swiper-slide\"><div class=\"fusion-carousel-item-wrapper\"><div class=\"fusion-image-wrapper hover-type-none\"><img decoding=\"async\" width=\"682\" height=\"856\" src=\"https:\/\/financiere-eos.com\/wp-content\/uploads\/2024\/03\/rm.jpg\" class=\"attachment-full size-full lazyload\" alt=\"\" srcset=\"data:image\/svg+xml,%3Csvg%20xmlns%3D%27http%3A%2F%2Fwww.w3.org%2F2000%2Fsvg%27%20width%3D%27682%27%20height%3D%27856%27%20viewBox%3D%270%200%20682%20856%27%3E%3Crect%20width%3D%27682%27%20height%3D%27856%27%20fill-opacity%3D%220%22%2F%3E%3C%2Fsvg%3E\" data-orig-src=\"https:\/\/financiere-eos.com\/wp-content\/uploads\/2024\/03\/rm.jpg\" data-srcset=\"https:\/\/financiere-eos.com\/wp-content\/uploads\/2024\/03\/rm-200x251.jpg 200w, https:\/\/financiere-eos.com\/wp-content\/uploads\/2024\/03\/rm-239x300.jpg 239w, https:\/\/financiere-eos.com\/wp-content\/uploads\/2024\/03\/rm-400x502.jpg 400w, https:\/\/financiere-eos.com\/wp-content\/uploads\/2024\/03\/rm-600x753.jpg 600w, https:\/\/financiere-eos.com\/wp-content\/uploads\/2024\/03\/rm.jpg 682w\" data-sizes=\"auto\" \/><\/div><\/div><\/div><div class=\"swiper-slide\"><div class=\"fusion-carousel-item-wrapper\"><div class=\"fusion-image-wrapper hover-type-none\"><img decoding=\"async\" width=\"680\" height=\"850\" src=\"https:\/\/financiere-eos.com\/wp-content\/uploads\/2024\/03\/rm2.jpg\" class=\"attachment-full size-full lazyload\" alt=\"\" srcset=\"data:image\/svg+xml,%3Csvg%20xmlns%3D%27http%3A%2F%2Fwww.w3.org%2F2000%2Fsvg%27%20width%3D%27680%27%20height%3D%27850%27%20viewBox%3D%270%200%20680%20850%27%3E%3Crect%20width%3D%27680%27%20height%3D%27850%27%20fill-opacity%3D%220%22%2F%3E%3C%2Fsvg%3E\" data-orig-src=\"https:\/\/financiere-eos.com\/wp-content\/uploads\/2024\/03\/rm2.jpg\" data-srcset=\"https:\/\/financiere-eos.com\/wp-content\/uploads\/2024\/03\/rm2-200x250.jpg 200w, https:\/\/financiere-eos.com\/wp-content\/uploads\/2024\/03\/rm2-240x300.jpg 240w, https:\/\/financiere-eos.com\/wp-content\/uploads\/2024\/03\/rm2-400x500.jpg 400w, https:\/\/financiere-eos.com\/wp-content\/uploads\/2024\/03\/rm2-600x750.jpg 600w, https:\/\/financiere-eos.com\/wp-content\/uploads\/2024\/03\/rm2.jpg 680w\" data-sizes=\"auto\" \/><\/div><\/div><\/div><div class=\"swiper-slide\"><div class=\"fusion-carousel-item-wrapper\"><div class=\"fusion-image-wrapper hover-type-none\"><img decoding=\"async\" width=\"862\" height=\"865\" src=\"https:\/\/financiere-eos.com\/wp-content\/uploads\/2024\/03\/rm-3.jpg\" class=\"attachment-full size-full lazyload\" alt=\"\" srcset=\"data:image\/svg+xml,%3Csvg%20xmlns%3D%27http%3A%2F%2Fwww.w3.org%2F2000%2Fsvg%27%20width%3D%27862%27%20height%3D%27865%27%20viewBox%3D%270%200%20862%20865%27%3E%3Crect%20width%3D%27862%27%20height%3D%27865%27%20fill-opacity%3D%220%22%2F%3E%3C%2Fsvg%3E\" data-orig-src=\"https:\/\/financiere-eos.com\/wp-content\/uploads\/2024\/03\/rm-3.jpg\" data-srcset=\"https:\/\/financiere-eos.com\/wp-content\/uploads\/2024\/03\/rm-3-66x66.jpg 66w, https:\/\/financiere-eos.com\/wp-content\/uploads\/2024\/03\/rm-3-150x150.jpg 150w, https:\/\/financiere-eos.com\/wp-content\/uploads\/2024\/03\/rm-3-200x201.jpg 200w, https:\/\/financiere-eos.com\/wp-content\/uploads\/2024\/03\/rm-3-300x300.jpg 300w, https:\/\/financiere-eos.com\/wp-content\/uploads\/2024\/03\/rm-3-400x401.jpg 400w, https:\/\/financiere-eos.com\/wp-content\/uploads\/2024\/03\/rm-3-600x602.jpg 600w, https:\/\/financiere-eos.com\/wp-content\/uploads\/2024\/03\/rm-3-768x771.jpg 768w, https:\/\/financiere-eos.com\/wp-content\/uploads\/2024\/03\/rm-3-800x803.jpg 800w, https:\/\/financiere-eos.com\/wp-content\/uploads\/2024\/03\/rm-3.jpg 862w\" data-sizes=\"auto\" \/><\/div><\/div><\/div><\/div><div class=\"awb-swiper-button awb-swiper-button-prev\"><i class=\"awb-icon-angle-left\" aria-hidden=\"true\"><\/i><\/div><div class=\"awb-swiper-button awb-swiper-button-next\"><i class=\"awb-icon-angle-right\" aria-hidden=\"true\"><\/i><\/div><\/div><\/div><div class=\"fusion-text fusion-text-1\" style=\"--awb-margin-top:-40px;\"><h4 style=\"text-align: left;\">Thalasso Perros Guirec<\/h4>\n<\/div><div class=\"fusion-text fusion-text-2\" style=\"--awb-margin-top:-20px;\"><p style=\"text-align: left;\">Le centre de Thalasso **** Perros Guirec est l&#8217;exemple de l&#8217;attention port\u00e9e \u00e0 nos projets les plus ambicieux.<\/p>\n<\/div><\/div><\/div><div class=\"fusion-layout-column fusion_builder_column fusion-builder-column-1 fusion-flex-column fusion-animated\" style=\"--awb-padding-bottom-medium:0px;--awb-bg-size:cover;--awb-width-large:48%;--awb-margin-top-large:0px;--awb-spacing-right-large:4%;--awb-margin-bottom-large:0px;--awb-spacing-left-large:55px;--awb-width-medium:50%;--awb-order-medium:0;--awb-spacing-right-medium:3.84%;--awb-spacing-left-medium:20px;--awb-width-small:100%;--awb-order-small:0;--awb-spacing-right-small:1.92%;--awb-spacing-left-small:20px;\" data-animationType=\"fadeInRight\" data-animationDuration=\"1.3\" data-animationOffset=\"top-into-view\"><div class=\"fusion-column-wrapper fusion-column-has-shadow fusion-flex-justify-content-flex-start fusion-content-layout-column\"><div class=\"fusion-title title fusion-title-1 fusion-sep-none fusion-title-text fusion-title-size-div\" style=\"--awb-text-color:var(--awb-color1);--awb-margin-top:0px;--awb-margin-right:30px;--awb-margin-right-small:30px;--awb-font-size:var(--awb-typography5-font-size);\"><div class=\"fusion-title-heading title-heading-left title-heading-tag\" style=\"font-family:var(--awb-typography5-font-family);font-weight:var(--awb-typography5-font-weight);font-style:var(--awb-typography5-font-style);margin:0;font-size:1em;letter-spacing:var(--awb-typography5-letter-spacing);text-transform:var(--awb-typography5-text-transform);line-height:var(--awb-typography5-line-height);\"><span class=\"fusion-highlight custom-textcolor highlight1 awb-highlight-background\" style=\"--awb-color:var(--awb-color5);--awb-text-color:var(--awb-color1);\">Nos m\u00e9tiers<\/span><\/div><\/div><div class=\"fusion-title title fusion-title-2 fusion-sep-none fusion-title-text fusion-title-size-two\" style=\"--awb-margin-bottom:30px;\"><h2 class=\"fusion-title-heading title-heading-left\" style=\"margin:0;\">Cr\u00e9ation de projets h\u00f4teliers<\/h2><\/div><div class=\"fusion-text fusion-text-3 fusion-text-no-margin\" style=\"--awb-margin-bottom:10px;\"><p>Financi\u00e8re Eos offre un accompagnement complet dans la gestion de projets h\u00f4teliers, de l&#8217;acquisition du terrain jusqu&#8217;\u00e0 la vente finale de l&#8217;\u00e9tablissement. Nos services incluent :<\/p>\n<ul>\n<li>L&#8217;\u00e9tude de faisabilit\u00e9 du projet pour \u00e9valuer sa viabilit\u00e9 et son potentiel.<\/li>\n<li>La conception d&#8217;un budget pr\u00e9visionnel pour encadrer financi\u00e8rement le projet.<\/li>\n<li>L&#8217;assistance dans la cr\u00e9ation architecturale de l&#8217;\u00e9tablissement, incluant la mise en relation avec des professionnels qualifi\u00e9s du domaine.<\/li>\n<li>La recherche \u00e9ventuelle d&#8217;une enseigne adapt\u00e9e pour maximiser l&#8217;attractivit\u00e9 et la rentabilit\u00e9 de l&#8217;h\u00f4tel.<\/li>\n<\/ul>\n<p>Financi\u00e8re Eos s&#8217;engage \u00e0 fournir un soutien financier initial et une expertise technique pour assurer le succ\u00e8s et la rentabilit\u00e9 des projets h\u00f4teliers d\u00e8s leur conception jusqu&#8217;\u00e0 leur r\u00e9alisation.<\/p>\n<\/div><div class=\"fusion-separator fusion-full-width-sep\" style=\"align-self: center;margin-left: auto;margin-right: auto;margin-top:30px;margin-bottom:10px;width:100%;\"><div class=\"fusion-separator-border sep-single sep-solid\" style=\"--awb-height:20px;--awb-amount:20px;border-color:var(--awb-color3);border-top-width:1px;\"><\/div><\/div><\/div><\/div><\/div><\/div><\/div>\n","protected":false},"excerpt":{"rendered":"","protected":false},"author":1,"featured_media":500,"parent":0,"menu_order":0,"comment_status":"closed","ping_status":"closed","template":"100-width.php","meta":{"_monsterinsights_skip_tracking":false,"_monsterinsights_sitenote_active":false,"_monsterinsights_sitenote_note":"","_monsterinsights_sitenote_category":0,"footnotes":""},"class_list":["post-2469","page","type-page","status-publish","has-post-thumbnail","hentry"],"_links":{"self":[{"href":"https:\/\/financiere-eos.com\/index.php\/wp-json\/wp\/v2\/pages\/2469","targetHints":{"allow":["GET"]}}],"collection":[{"href":"https:\/\/financiere-eos.com\/index.php\/wp-json\/wp\/v2\/pages"}],"about":[{"href":"https:\/\/financiere-eos.com\/index.php\/wp-json\/wp\/v2\/types\/page"}],"author":[{"embeddable":true,"href":"https:\/\/financiere-eos.com\/index.php\/wp-json\/wp\/v2\/users\/1"}],"replies":[{"embeddable":true,"href":"https:\/\/financiere-eos.com\/index.php\/wp-json\/wp\/v2\/comments?post=2469"}],"version-history":[{"count":20,"href":"https:\/\/financiere-eos.com\/index.php\/wp-json\/wp\/v2\/pages\/2469\/revisions"}],"predecessor-version":[{"id":2889,"href":"https:\/\/financiere-eos.com\/index.php\/wp-json\/wp\/v2\/pages\/2469\/revisions\/2889"}],"wp:featuredmedia":[{"embeddable":true,"href":"https:\/\/financiere-eos.com\/index.php\/wp-json\/wp\/v2\/media\/500"}],"wp:attachment":[{"href":"https:\/\/financiere-eos.com\/index.php\/wp-json\/wp\/v2\/media?parent=2469"}],"curies":[{"name":"wp","href":"https:\/\/api.w.org\/{rel}","templated":true}]}}