{"id":2434,"date":"2023-06-27T09:04:16","date_gmt":"2023-06-27T07:04:16","guid":{"rendered":"https:\/\/financiere-eos.com\/kg2401-ovh\/?page_id=2434"},"modified":"2024-04-18T17:53:41","modified_gmt":"2024-04-18T15:53:41","slug":"les-administrateurs","status":"publish","type":"page","link":"https:\/\/financiere-eos.com\/index.php\/les-administrateurs\/","title":{"rendered":"Le fondateur"},"content":{"rendered":"<div class=\"fusion-fullwidth fullwidth-box fusion-builder-row-1 fusion-flex-container has-pattern-background has-mask-background nonhundred-percent-fullwidth non-hundred-percent-height-scrolling\" style=\"--awb-border-radius-top-left:0px;--awb-border-radius-top-right:0px;--awb-border-radius-bottom-right:0px;--awb-border-radius-bottom-left:0px;--awb-padding-top:130px;--awb-padding-bottom:130px;--awb-padding-top-medium:90px;--awb-padding-bottom-medium:90px;--awb-flex-wrap:wrap;\" id=\"faq\" ><div class=\"fusion-builder-row fusion-row fusion-flex-align-items-flex-start fusion-flex-content-wrap\" style=\"max-width:1248px;margin-left: calc(-4% \/ 2 );margin-right: calc(-4% \/ 2 );\"><div class=\"fusion-layout-column fusion_builder_column fusion-builder-column-0 fusion-flex-column\" style=\"--awb-bg-size:cover;--awb-width-large:52%;--awb-margin-top-large:0px;--awb-spacing-right-large:72px;--awb-margin-bottom-large:0px;--awb-spacing-left-large:3.6923076923077%;--awb-width-medium:50%;--awb-order-medium:0;--awb-spacing-right-medium:70px;--awb-spacing-left-medium:3.84%;--awb-width-small:100%;--awb-order-small:0;--awb-spacing-right-small:1.92%;--awb-spacing-left-small:1.92%;\"><div class=\"fusion-column-wrapper fusion-column-has-shadow fusion-flex-justify-content-flex-start fusion-content-layout-column\"><div class=\"fusion-image-element \" style=\"--awb-aspect-ratio: 100 \/ 119;--awb-margin-bottom-small:50px;--awb-caption-title-font-family:var(--h2_typography-font-family);--awb-caption-title-font-weight:var(--h2_typography-font-weight);--awb-caption-title-font-style:var(--h2_typography-font-style);--awb-caption-title-size:var(--h2_typography-font-size);--awb-caption-title-transform:var(--h2_typography-text-transform);--awb-caption-title-line-height:var(--h2_typography-line-height);--awb-caption-title-letter-spacing:var(--h2_typography-letter-spacing);\"><span class=\" fusion-imageframe imageframe-none imageframe-1 hover-type-none has-aspect-ratio fusion-animated\" style=\"--awb-animation-color:hsla(var(--awb-color4-h),var(--awb-color4-s),calc(var(--awb-color4-l) + 20%),var(--awb-color4-a));\" data-animationType=\"revealInLeft\" data-animationDuration=\"1.3\" data-animationOffset=\"top-into-view\"><img decoding=\"async\" width=\"768\" height=\"1024\" title=\"Mr Escarra\" src=\"https:\/\/financiere-eos.com\/wp-content\/uploads\/2024\/02\/Mr-Escarra-COULEUR-FENETRE.jpg\" data-orig-src=\"https:\/\/financiere-eos.com\/wp-content\/uploads\/2024\/02\/Mr-Escarra-COULEUR-FENETRE-768x1024.jpg\" class=\"lazyload img-responsive wp-image-2783 img-with-aspect-ratio\" alt srcset=\"data:image\/svg+xml,%3Csvg%20xmlns%3D%27http%3A%2F%2Fwww.w3.org%2F2000%2Fsvg%27%20width%3D%271704%27%20height%3D%272272%27%20viewBox%3D%270%200%201704%202272%27%3E%3Crect%20width%3D%271704%27%20height%3D%272272%27%20fill-opacity%3D%220%22%2F%3E%3C%2Fsvg%3E\" data-srcset=\"https:\/\/financiere-eos.com\/wp-content\/uploads\/2024\/02\/Mr-Escarra-COULEUR-FENETRE-200x267.jpg 200w, https:\/\/financiere-eos.com\/wp-content\/uploads\/2024\/02\/Mr-Escarra-COULEUR-FENETRE-400x533.jpg 400w, https:\/\/financiere-eos.com\/wp-content\/uploads\/2024\/02\/Mr-Escarra-COULEUR-FENETRE-600x800.jpg 600w, https:\/\/financiere-eos.com\/wp-content\/uploads\/2024\/02\/Mr-Escarra-COULEUR-FENETRE-800x1067.jpg 800w, https:\/\/financiere-eos.com\/wp-content\/uploads\/2024\/02\/Mr-Escarra-COULEUR-FENETRE-1200x1600.jpg 1200w, https:\/\/financiere-eos.com\/wp-content\/uploads\/2024\/02\/Mr-Escarra-COULEUR-FENETRE.jpg 1704w\" data-sizes=\"auto\" data-orig-sizes=\"(max-width: 700px) 100vw, 600px\" \/><\/span><\/div><\/div><\/div><div class=\"fusion-layout-column fusion_builder_column fusion-builder-column-1 fusion-flex-column fusion-flex-align-self-center fusion-animated\" style=\"--awb-padding-bottom-medium:0px;--awb-bg-size:cover;--awb-width-large:48%;--awb-margin-top-large:0px;--awb-spacing-right-large:4%;--awb-margin-bottom-large:0px;--awb-spacing-left-large:55px;--awb-width-medium:50%;--awb-order-medium:0;--awb-spacing-right-medium:3.84%;--awb-spacing-left-medium:20px;--awb-width-small:100%;--awb-order-small:0;--awb-spacing-right-small:1.92%;--awb-spacing-left-small:20px;\" data-animationType=\"fadeInRight\" data-animationDuration=\"1.3\" data-animationOffset=\"top-into-view\"><div class=\"fusion-column-wrapper fusion-column-has-shadow fusion-flex-justify-content-flex-start fusion-content-layout-column\"><div class=\"fusion-title title fusion-title-1 fusion-sep-none fusion-title-text fusion-title-size-div\" style=\"--awb-text-color:var(--awb-color1);--awb-margin-top:0px;--awb-margin-right:30px;--awb-margin-right-small:30px;--awb-font-size:var(--awb-typography5-font-size);\"><div class=\"fusion-title-heading title-heading-left title-heading-tag\" style=\"font-family:var(--awb-typography5-font-family);font-weight:var(--awb-typography5-font-weight);font-style:var(--awb-typography5-font-style);margin:0;font-size:1em;letter-spacing:var(--awb-typography5-letter-spacing);text-transform:var(--awb-typography5-text-transform);line-height:var(--awb-typography5-line-height);\"><\/div><\/div><div class=\"fusion-title title fusion-title-2 fusion-sep-none fusion-title-text fusion-title-size-two\" style=\"--awb-margin-bottom:30px;\"><h2 class=\"fusion-title-heading title-heading-left\" style=\"margin:0;\">Dominique Escarra<\/h2><\/div><div class=\"fusion-text fusion-text-1 fusion-text-no-margin\" style=\"--awb-margin-bottom:10px;\"><p>Dipl\u00f4m\u00e9 de HEC Paris et titulaire d\u2019un MBA de Harvard aux \u00c9tats-Unis, Dominique Escarra a entam\u00e9 sa carri\u00e8re \u00e0 l&#8217;international avant de devenir rapidement Senior Vice-President chez N.M. Rothschild and Sons Ltd \u00e0 Londres. Par la suite, il a pris la d\u00e9cision de structurer et de diriger une &#8220;Merchant Bank&#8221; au Kowe\u00eft.<\/p>\n<p>En 1983, de retour en France, Dominique Escarra a fond\u00e9 le groupe Financi\u00e8re Eos, initialement un cabinet de fusion-acquisition qui s&#8217;est transform\u00e9 en &#8220;Investment Bank&#8221; sp\u00e9cialis\u00e9e dans l&#8217;h\u00f4tellerie fran\u00e7aise en 1995. Depuis, il est devenu l\u2019un des acteurs les plus actifs et reconnus de ce march\u00e9 au cours des 25 derni\u00e8res ann\u00e9es.<\/p>\n<\/div><\/div><\/div><\/div><\/div>\n","protected":false},"excerpt":{"rendered":"","protected":false},"author":1,"featured_media":500,"parent":0,"menu_order":0,"comment_status":"closed","ping_status":"closed","template":"100-width.php","meta":{"_monsterinsights_skip_tracking":false,"_monsterinsights_sitenote_active":false,"_monsterinsights_sitenote_note":"","_monsterinsights_sitenote_category":0,"footnotes":""},"class_list":["post-2434","page","type-page","status-publish","has-post-thumbnail","hentry"],"_links":{"self":[{"href":"https:\/\/financiere-eos.com\/index.php\/wp-json\/wp\/v2\/pages\/2434","targetHints":{"allow":["GET"]}}],"collection":[{"href":"https:\/\/financiere-eos.com\/index.php\/wp-json\/wp\/v2\/pages"}],"about":[{"href":"https:\/\/financiere-eos.com\/index.php\/wp-json\/wp\/v2\/types\/page"}],"author":[{"embeddable":true,"href":"https:\/\/financiere-eos.com\/index.php\/wp-json\/wp\/v2\/users\/1"}],"replies":[{"embeddable":true,"href":"https:\/\/financiere-eos.com\/index.php\/wp-json\/wp\/v2\/comments?post=2434"}],"version-history":[{"count":18,"href":"https:\/\/financiere-eos.com\/index.php\/wp-json\/wp\/v2\/pages\/2434\/revisions"}],"predecessor-version":[{"id":2829,"href":"https:\/\/financiere-eos.com\/index.php\/wp-json\/wp\/v2\/pages\/2434\/revisions\/2829"}],"wp:featuredmedia":[{"embeddable":true,"href":"https:\/\/financiere-eos.com\/index.php\/wp-json\/wp\/v2\/media\/500"}],"wp:attachment":[{"href":"https:\/\/financiere-eos.com\/index.php\/wp-json\/wp\/v2\/media?parent=2434"}],"curies":[{"name":"wp","href":"https:\/\/api.w.org\/{rel}","templated":true}]}}