{"id":2407,"date":"2023-06-27T08:32:45","date_gmt":"2023-06-27T06:32:45","guid":{"rendered":"https:\/\/financiere-eos.com\/kg2401-ovh\/?page_id=2407"},"modified":"2024-04-24T14:51:08","modified_gmt":"2024-04-24T12:51:08","slug":"nos-valeurs-notre-philosophie","status":"publish","type":"page","link":"https:\/\/financiere-eos.com\/index.php\/nos-valeurs-notre-philosophie\/","title":{"rendered":"Nos valeurs"},"content":{"rendered":"<div class=\"fusion-fullwidth fullwidth-box fusion-builder-row-1 fusion-flex-container has-pattern-background has-mask-background nonhundred-percent-fullwidth non-hundred-percent-height-scrolling\" style=\"--awb-border-radius-top-left:0px;--awb-border-radius-top-right:0px;--awb-border-radius-bottom-right:0px;--awb-border-radius-bottom-left:0px;--awb-padding-top:130px;--awb-padding-bottom:130px;--awb-padding-top-medium:90px;--awb-padding-bottom-medium:90px;--awb-flex-wrap:wrap;\" id=\"faq\" ><div class=\"fusion-builder-row fusion-row fusion-flex-align-items-flex-start fusion-flex-content-wrap\" style=\"max-width:1248px;margin-left: calc(-4% \/ 2 );margin-right: calc(-4% \/ 2 );\"><div class=\"fusion-layout-column fusion_builder_column fusion-builder-column-0 fusion-flex-column\" style=\"--awb-bg-size:cover;--awb-width-large:52%;--awb-margin-top-large:0px;--awb-spacing-right-large:72px;--awb-margin-bottom-large:0px;--awb-spacing-left-large:3.6923076923077%;--awb-width-medium:50%;--awb-order-medium:0;--awb-spacing-right-medium:70px;--awb-spacing-left-medium:3.84%;--awb-width-small:100%;--awb-order-small:0;--awb-spacing-right-small:1.92%;--awb-spacing-left-small:1.92%;\"><div class=\"fusion-column-wrapper fusion-column-has-shadow fusion-flex-justify-content-flex-start fusion-content-layout-column\"><div class=\"fusion-image-element \" style=\"--awb-aspect-ratio: 100 \/ 119;--awb-margin-bottom-small:50px;--awb-caption-title-font-family:var(--h2_typography-font-family);--awb-caption-title-font-weight:var(--h2_typography-font-weight);--awb-caption-title-font-style:var(--h2_typography-font-style);--awb-caption-title-size:var(--h2_typography-font-size);--awb-caption-title-transform:var(--h2_typography-text-transform);--awb-caption-title-line-height:var(--h2_typography-line-height);--awb-caption-title-letter-spacing:var(--h2_typography-letter-spacing);\"><span class=\" fusion-imageframe imageframe-none imageframe-1 hover-type-none has-aspect-ratio fusion-animated\" style=\"--awb-animation-color:hsla(var(--awb-color4-h),var(--awb-color4-s),calc(var(--awb-color4-l) + 20%),var(--awb-color4-a));\" data-animationType=\"revealInLeft\" data-animationDuration=\"1.3\" data-animationOffset=\"top-into-view\"><img decoding=\"async\" width=\"1210\" height=\"850\" alt=\"box-6\" title=\"Man smiling\" src=\"data:image\/svg+xml,%3Csvg%20xmlns%3D%27http%3A%2F%2Fwww.w3.org%2F2000%2Fsvg%27%20width%3D%271210%27%20height%3D%27850%27%20viewBox%3D%270%200%201210%20850%27%3E%3Crect%20width%3D%271210%27%20height%3D%27850%27%20fill-opacity%3D%220%22%2F%3E%3C%2Fsvg%3E\" data-orig-src=\"https:\/\/financiere-eos.com\/wp-content\/uploads\/2022\/08\/box-6.jpg\" class=\"lazyload img-responsive wp-image-923 img-with-aspect-ratio\" \/><\/span><\/div><\/div><\/div><div class=\"fusion-layout-column fusion_builder_column fusion-builder-column-1 fusion-flex-column fusion-flex-align-self-center fusion-animated\" style=\"--awb-padding-bottom-medium:0px;--awb-bg-size:cover;--awb-width-large:48%;--awb-margin-top-large:0px;--awb-spacing-right-large:4%;--awb-margin-bottom-large:0px;--awb-spacing-left-large:55px;--awb-width-medium:50%;--awb-order-medium:0;--awb-spacing-right-medium:3.84%;--awb-spacing-left-medium:20px;--awb-width-small:100%;--awb-order-small:0;--awb-spacing-right-small:1.92%;--awb-spacing-left-small:20px;\" data-animationType=\"fadeInRight\" data-animationDuration=\"1.3\" data-animationOffset=\"top-into-view\"><div class=\"fusion-column-wrapper fusion-column-has-shadow fusion-flex-justify-content-flex-start fusion-content-layout-column\"><div class=\"fusion-title title fusion-title-1 fusion-sep-none fusion-title-text fusion-title-size-div\" style=\"--awb-text-color:var(--awb-color1);--awb-margin-top:0px;--awb-margin-right:30px;--awb-margin-right-small:30px;--awb-font-size:var(--awb-typography5-font-size);\"><div class=\"fusion-title-heading title-heading-left title-heading-tag\" style=\"font-family:var(--awb-typography5-font-family);font-weight:var(--awb-typography5-font-weight);font-style:var(--awb-typography5-font-style);margin:0;font-size:1em;letter-spacing:var(--awb-typography5-letter-spacing);text-transform:var(--awb-typography5-text-transform);line-height:var(--awb-typography5-line-height);\"><span class=\"fusion-highlight custom-textcolor highlight1 awb-highlight-background\" style=\"--awb-color:var(--awb-color5);--awb-text-color:var(--awb-color1);\">Nos valeurs \/ Nos comp\u00e9tences<\/span><\/div><\/div><div class=\"fusion-title title fusion-title-2 fusion-sep-none fusion-title-text fusion-title-size-two\" style=\"--awb-margin-bottom:30px;\"><h2 class=\"fusion-title-heading title-heading-left\" style=\"margin:0;\"><\/h2><\/div><div class=\"fusion-text fusion-text-1 fusion-text-no-margin\" style=\"--awb-margin-bottom:10px;\"><h4>Une \u00e9quipe de professionnels \u00e0 votre \u00e9coute<\/h4>\n<address style=\"text-align: justify;\">Chez Financi\u00e8re Eos, notre structure \u00e0 taille humaine et notre approche de proximit\u00e9 vous offrent un accompagnement sur mesure \u00e0 chaque \u00e9tape de votre transaction, que vous soyez investisseur ou vendeur. Gr\u00e2ce \u00e0 notre sp\u00e9cialisation et \u00e0 notre connaissance approfondie du secteur de l\u2019h\u00f4tellerie, nous identifions rapidement les enjeux et les opportunit\u00e9s li\u00e9s aux transactions h\u00f4teli\u00e8res en France.<\/address>\n<h4>Une expertise sectorielle approfondie<\/h4>\n<address style=\"text-align: justify;\">Forte de plus de 25 ans d&#8217;exp\u00e9rience dans l&#8217;industrie h\u00f4teli\u00e8re parisienne et cr\u00e9dit\u00e9e de plus d&#8217;une centaine d&#8217;op\u00e9rations r\u00e9ussies, l&#8217;\u00e9quipe de Financi\u00e8re Eos poss\u00e8de une expertise incontest\u00e9e dans ce domaine. Notre compr\u00e9hension fine des enjeux sp\u00e9cifiques \u00e0 l\u2019h\u00f4tellerie est continuellement enrichie par nos transactions. Nous examinons minutieusement les aspects financiers, fiscaux, juridiques, sociaux et manag\u00e9riaux des projets. Notre expertise multidimensionnelle nous permet de vous offrir des conseils fiables et complets, garantissant un soutien pr\u00e9cis et efficace pour le succ\u00e8s de vos transactions.<\/address>\n<\/div><div class=\"fusion-separator fusion-full-width-sep\" style=\"align-self: center;margin-left: auto;margin-right: auto;margin-top:30px;margin-bottom:10px;width:100%;\"><div class=\"fusion-separator-border sep-single sep-solid\" style=\"--awb-height:20px;--awb-amount:20px;border-color:var(--awb-color3);border-top-width:1px;\"><\/div><\/div><\/div><\/div><\/div><\/div>\n","protected":false},"excerpt":{"rendered":"","protected":false},"author":1,"featured_media":500,"parent":0,"menu_order":0,"comment_status":"closed","ping_status":"closed","template":"100-width.php","meta":{"_monsterinsights_skip_tracking":false,"_monsterinsights_sitenote_active":false,"_monsterinsights_sitenote_note":"","_monsterinsights_sitenote_category":0,"footnotes":""},"class_list":["post-2407","page","type-page","status-publish","has-post-thumbnail","hentry"],"_links":{"self":[{"href":"https:\/\/financiere-eos.com\/index.php\/wp-json\/wp\/v2\/pages\/2407","targetHints":{"allow":["GET"]}}],"collection":[{"href":"https:\/\/financiere-eos.com\/index.php\/wp-json\/wp\/v2\/pages"}],"about":[{"href":"https:\/\/financiere-eos.com\/index.php\/wp-json\/wp\/v2\/types\/page"}],"author":[{"embeddable":true,"href":"https:\/\/financiere-eos.com\/index.php\/wp-json\/wp\/v2\/users\/1"}],"replies":[{"embeddable":true,"href":"https:\/\/financiere-eos.com\/index.php\/wp-json\/wp\/v2\/comments?post=2407"}],"version-history":[{"count":17,"href":"https:\/\/financiere-eos.com\/index.php\/wp-json\/wp\/v2\/pages\/2407\/revisions"}],"predecessor-version":[{"id":2899,"href":"https:\/\/financiere-eos.com\/index.php\/wp-json\/wp\/v2\/pages\/2407\/revisions\/2899"}],"wp:featuredmedia":[{"embeddable":true,"href":"https:\/\/financiere-eos.com\/index.php\/wp-json\/wp\/v2\/media\/500"}],"wp:attachment":[{"href":"https:\/\/financiere-eos.com\/index.php\/wp-json\/wp\/v2\/media?parent=2407"}],"curies":[{"name":"wp","href":"https:\/\/api.w.org\/{rel}","templated":true}]}}